{"id":51,"date":"2017-12-02T11:24:45","date_gmt":"2017-12-02T11:24:45","guid":{"rendered":"http:\/\/stellamor.at\/wordpress\/?page_id=51"},"modified":"2022-03-01T20:50:33","modified_gmt":"2022-03-01T20:50:33","slug":"home","status":"publish","type":"page","link":"http:\/\/stellamor.at\/wordpress\/","title":{"rendered":"Home"},"content":{"rendered":"\n<div class=\"wp-block-image\"><figure class=\"aligncenter size-large is-resized\"><img loading=\"lazy\" src=\"http:\/\/stellamor.at\/wordpress\/wp-content\/uploads\/2020\/10\/image.jpeg\" alt=\"\" class=\"wp-image-227\" width=\"298\" height=\"298\" srcset=\"http:\/\/stellamor.at\/wordpress\/wp-content\/uploads\/2020\/10\/image.jpeg 150w, http:\/\/stellamor.at\/wordpress\/wp-content\/uploads\/2020\/10\/image-1x1.jpeg 1w\" sizes=\"(max-width: 298px) 100vw, 298px\" \/><\/figure><\/div>\n\n\n<header class=\"entry-header\"><\/header>\n<h1 class=\"entry-content\" style=\"text-align: center;\"><span style=\"color: #008000; font-size: 24pt;\"><strong><span style=\"font-family: arial, helvetica, sans-serif;\">Dr. med. \u00a0Viktor \u00a0STELLAMOR<\/span><\/strong><\/span><\/h1>\n<p style=\"text-align: center;\">Facharzt f\u00fcr Neurologie und Psychiatrie in Ruhe, Oberarzt emeritus der Krankenanstalt Rudolfstiftung<\/p>\n<h2 style=\"text-align: center;\">\u00a0<\/h2>\n<h1 style=\"text-align: center;\"><span style=\"color: #ff0000;\"><strong>Die Ordination ist seit Dezember 2020 aus Altersgr\u00fcnden geschlossen.<\/strong><\/span><\/h1>\n<h1 style=\"text-align: center;\"><span style=\"color: #ff0000;\"><strong>Ich danke allen Patienten f\u00fcr ihr langj\u00e4hriges Vertrauen in meine T\u00e4tigkeit und ich w\u00fcnsche weiterhin gute Gesundheit.<\/strong><\/span><\/h1>\n<h4>\u00a0<\/h4>\n<h4>\u00a0<\/h4>\n<h3 style=\"text-align: center;\"><span style=\"font-family: arial, helvetica, sans-serif;\"><strong>Private Kontaktm\u00f6glichkeiten:<\/strong><\/span><\/h3>\n<h3 style=\"text-align: center;\"><span style=\"font-family: arial, helvetica, sans-serif;\"><strong>Tel.<\/strong><\/span><span style=\"font-family: arial, helvetica, sans-serif;\"><strong>: +43 (0) 664 1541703 <\/strong><\/span><\/h3>\n<h3 style=\"text-align: center;\"><span style=\"font-family: arial, helvetica, sans-serif;\"><strong>E-mail: viktor@stellamor.at<\/strong><\/span><\/h3>\n<h3 style=\"text-align: center;\">\u00a0<\/h3>\n<h5 style=\"text-align: center;\">\u00a0<\/h5>\n\n\n<p><\/p>\n","protected":false},"excerpt":{"rendered":"<p>Dr. med. \u00a0Viktor \u00a0STELLAMOR Facharzt f\u00fcr Neurologie und Psychiatrie in Ruhe, Oberarzt emeritus der Krankenanstalt Rudolfstiftung \u00a0 Die Ordination ist seit Dezember 2020 aus Altersgr\u00fcnden geschlossen. Ich danke allen Patienten f\u00fcr ihr langj\u00e4hriges Vertrauen in meine T\u00e4tigkeit und ich w\u00fcnsche weiterhin gute Gesundheit. \u00a0 \u00a0 Private Kontaktm\u00f6glichkeiten: Tel.: +43 (0) 664 1541703 E-mail: viktor@stellamor.at \u00a0 [&hellip;]<\/p>\n","protected":false},"author":1,"featured_media":0,"parent":0,"menu_order":0,"comment_status":"closed","ping_status":"closed","template":"page-templates\/twocolleftsidebar.php","meta":[],"_links":{"self":[{"href":"http:\/\/stellamor.at\/wordpress\/index.php?rest_route=\/wp\/v2\/pages\/51"}],"collection":[{"href":"http:\/\/stellamor.at\/wordpress\/index.php?rest_route=\/wp\/v2\/pages"}],"about":[{"href":"http:\/\/stellamor.at\/wordpress\/index.php?rest_route=\/wp\/v2\/types\/page"}],"author":[{"embeddable":true,"href":"http:\/\/stellamor.at\/wordpress\/index.php?rest_route=\/wp\/v2\/users\/1"}],"replies":[{"embeddable":true,"href":"http:\/\/stellamor.at\/wordpress\/index.php?rest_route=%2Fwp%2Fv2%2Fcomments&post=51"}],"version-history":[{"count":42,"href":"http:\/\/stellamor.at\/wordpress\/index.php?rest_route=\/wp\/v2\/pages\/51\/revisions"}],"predecessor-version":[{"id":243,"href":"http:\/\/stellamor.at\/wordpress\/index.php?rest_route=\/wp\/v2\/pages\/51\/revisions\/243"}],"wp:attachment":[{"href":"http:\/\/stellamor.at\/wordpress\/index.php?rest_route=%2Fwp%2Fv2%2Fmedia&parent=51"}],"curies":[{"name":"wp","href":"https:\/\/api.w.org\/{rel}","templated":true}]}}